{"id":82661,"date":"2020-04-22T17:08:07","date_gmt":"2020-04-22T15:08:07","guid":{"rendered":"http:\/\/flockstoff.com\/shoptgw\/?post_type=product&#038;p=82661"},"modified":"2020-04-29T09:06:04","modified_gmt":"2020-04-29T07:06:04","slug":"multifunktionstuch-knoesel","status":"publish","type":"product","link":"http:\/\/flockstoff.com\/shoptgw\/product\/multifunktionstuch-knoesel\/","title":{"rendered":"Multifunktionstuch Kn\u00f6sel"},"content":{"rendered":"<p>[vc_row unlock_row_content=&#8220;yes&#8220; row_height_percent=&#8220;50&#8243; override_padding=&#8220;yes&#8220; h_padding=&#8220;0&#8243; top_padding=&#8220;0&#8243; bottom_padding=&#8220;0&#8243; back_color=&#8220;color-wayh&#8220; overlay_alpha=&#8220;50&#8243; equal_height=&#8220;yes&#8220; gutter_size=&#8220;0&#8243; shift_y=&#8220;0&#8243;][vc_column column_width_percent=&#8220;70&#8243; position_vertical=&#8220;middle&#8220; gutter_size=&#8220;3&#8243; override_padding=&#8220;yes&#8220; column_padding=&#8220;5&#8243; back_color=&#8220;color-xsdn&#8220; overlay_alpha=&#8220;50&#8243; shift_x=&#8220;0&#8243; shift_y=&#8220;0&#8243; shift_y_down=&#8220;0&#8243; z_index=&#8220;0&#8243; medium_width=&#8220;0&#8243; mobile_width=&#8220;0&#8243; css_animation=&#8220;bottom-t-top&#8220; animation_delay=&#8220;200&#8243; zoom_width=&#8220;0&#8243; zoom_height=&#8220;0&#8243; width=&#8220;1\/2&#8243;][vc_custom_heading heading_semantic=&#8220;h3&#8243; text_font=&#8220;font-762333&#8243; text_size=&#8220;h1&#8243; text_space=&#8220;fontspace-111509&#8243; sub_lead=&#8220;yes&#8220; sub_reduced=&#8220;yes&#8220; text_uppercase=&#8220;&#8220; subheading=&#8220;Ideal f\u00fcr Sport und Freizeit oder als Behelfsmaske einsetzbar.<\/p>\n<p>&#8211; Mikrofaser<br \/>\n&#8211; Multifunktionell verwendbar als Bandana oder Schal bzw. Stirnband<br \/>\n&#8211; Gr\u00f6\u00dfe: 50 cm x 25 cm<br \/>\n&#8211; Atmungsaktives Gewebe<br \/>\n&#8211; Nahtlos<br \/>\n&#8211; Maschinenwaschbar&#8220;]Multifunktionales Halstuch[\/vc_custom_heading][\/vc_column][vc_column column_width_percent=&#8220;100&#8243; gutter_size=&#8220;3&#8243; back_image=&#8220;82704&#8243; back_position=&#8220;center center&#8220; overlay_alpha=&#8220;50&#8243; shift_x=&#8220;0&#8243; shift_y=&#8220;0&#8243; shift_y_down=&#8220;0&#8243; z_index=&#8220;0&#8243; medium_width=&#8220;0&#8243; mobile_width=&#8220;0&#8243; css_animation=&#8220;bottom-t-top&#8220; animation_delay=&#8220;400&#8243; zoom_width=&#8220;0&#8243; zoom_height=&#8220;0&#8243; width=&#8220;1\/2&#8243; mobile_height=&#8220;300&#8243;][\/vc_column][\/vc_row]<\/p>\n","protected":false},"excerpt":{"rendered":"<p>Multifunktions-Schlauchtuch aus 100% Polyester. Sublimationsdruck dirket im Gewebe f\u00fcr einen sehr weichen Griff. Einheitsgr\u00f6\u00dfe<\/p>\n","protected":false},"featured_media":82648,"template":"","meta":[],"_links":{"self":[{"href":"http:\/\/flockstoff.com\/shoptgw\/wp-json\/wp\/v2\/product\/82661"}],"collection":[{"href":"http:\/\/flockstoff.com\/shoptgw\/wp-json\/wp\/v2\/product"}],"about":[{"href":"http:\/\/flockstoff.com\/shoptgw\/wp-json\/wp\/v2\/types\/product"}],"wp:featuredmedia":[{"embeddable":true,"href":"http:\/\/flockstoff.com\/shoptgw\/wp-json\/wp\/v2\/media\/82648"}],"wp:attachment":[{"href":"http:\/\/flockstoff.com\/shoptgw\/wp-json\/wp\/v2\/media?parent=82661"}],"curies":[{"name":"wp","href":"https:\/\/api.w.org\/{rel}","templated":true}]}}